{"id":203,"date":"2011-09-14T09:45:02","date_gmt":"2011-09-14T09:45:02","guid":{"rendered":"http:\/\/192.168.9.29\/Development\/TB\/?page_id=203"},"modified":"2016-12-16T11:47:11","modified_gmt":"2016-12-16T10:47:11","slug":"home","status":"publish","type":"page","link":"https:\/\/www.rometours.guide\/hr\/","title":{"rendered":"Home"},"content":{"rendered":"<h2 class=\"testo_normale\"><em><span style=\"color: #b70000;\">\"Da, kona\u010dno sam stigao u Prestonicu Sveta. Sada vidim kako se ostvaruju svi snovi moje mladosti\" <\/span><\/em><\/h2>\n<h2 class=\"testo_normale\" style=\"text-align: right;\"><em><span style=\"color: #b70000;\">(Goethe)<\/span><\/em><\/h2>\n<h3 class=\"testo_normale\"><span style=\"color: #afafaf;\">Rim \u2013 prestonica sveta, pupak sveta, ve\u010dni grad - \u00a0toliko imena za jedan jedinstven grad.<br \/>\n<\/span><span style=\"color: #afafaf;\">Nije dovoljan ni \u010ditav \u017eivot da se Rim lepo poseti i upozna ali dovoljan je jedan pogled da se u ovaj grad zaljubite zauvek.<br \/>\nRim je muzej na otvorenom, dovoljno je lutati i gubiti se po ulicama ali ako \u017eelite bolje upoznati grad, br\u017ee i lak\u0161e \u0107ete u tome uspeti uz stru\u010dnog turisti\u010dkog vodi\u010da!<\/span><\/h3>\n<hr \/>\n<div class=\"row \">\n<div class=\"span4 \"><div class=\"hero-unit \"><h1>Va\u0161 turisti\u010dki vodi\u010d za obilazak Rima <\/h1><p>Diplomirani profesor italijanskog jezika i knji\u017eevnosti, master Tecam (Nove tehnologije za upoznavanje i valorizaciju kulturne ba\u0161tine srednje Italije i Mediterana)Licencirani turisti\u010dki vodi\u010d Rima i okruga Rima Turisti\u010dki prevodilac Muzejska didaktika za muzeje i arheolo\u0161ke komlekse grada Albano Laziale u okolini Rima. Licencirani vodi\u010d i pratilac Republike Srbije. <\/p><div class=\"btn-align\"><a href=\"tours\/\" title=\"\" class=\"btn btn-default btn-normal btn-primary\" target=\"_self\"><\/a><\/div><\/div><!-- .hero-unit (end) --><\/div>\n<div class=\"span3 \"><h3><span style=\"color: #b70000;\">TURE PRILAGO\u0110ENE VAMA<\/span><\/h3>\n<p>Bilo koja poseta mo\u017ee biti prilago\u0111ena va\u0161em interesovanju i \u017eeljama<\/p>\n<div class=\"spacer\"><\/div><!-- .spacer (end) -->\n<h3><span style=\"color: #b70000;\">RIM I OKOLINA RIMA<\/span><\/h3>\n<p>Obilazak znamenitosti u Rimu i van Rima<\/p>\n<h3><div class=\"spacer\"><\/div><!-- .spacer (end) -->\n<span style=\"color: #b70000;\">PREVODILAC<\/span><\/h3>\n<p>Stru\u010dno i knji\u017eevno prevo\u0111enje sa italijanskog jezika na srpski i sa srpskog na italijanski<\/p><\/div>\n<div class=\"span2 \"><figure class=\"frame thumbnail alignnone clearfix\">\n<h5>ANDJELKA RAJIC<br \/>\nTURISTI\u010cKI VODI\u010c<\/h5>\n<h5>E -mail:<br \/>\n<span style=\"color: #b70000;\"><a href=\"mailto:info@rometours.guide\">info@rometours.guide<\/a><\/span><\/h5>\n<h5>MOBILNI TEL:<span style=\"color: #b70000;\"><br \/>\n+39 340-1873820<\/span><\/h5>\n<p><a href=\"http:\/\/www.rometours.guide\/wp-content\/uploads\/2011\/09\/Logo-Andjelka-senza-nome.png\"><img decoding=\"async\" loading=\"lazy\" class=\"alignnone wp-image-2083\" src=\"http:\/\/www.rometours.guide\/wp-content\/uploads\/2011\/09\/Logo-Andjelka-senza-nome.png\" alt=\"Logo Andjelka senza nome\" width=\"130\" height=\"124\" \/><\/a><\/p>\n<\/figure><\/div>\n<div class=\"span3 \"><div class=\"service-box \"><figure class=\"icon\"><img src=\"https:\/\/www.rometours.guide\/wp-content\/themes\/theme44158\/images\/icon1.png\" alt=\"\" \/><\/figure><div class=\"service-box_body\"><h2 class=\"title\">JEZICI:<\/h2><div class=\"service-box_txt\">SRPSKO-HRVATSKI<br \/>\nITALIJANSKI<br \/>\nENGLESKI<\/div><div class=\"btn-align\"><a href=\"blog\/\" title=\"\" class=\"btn btn-inverse btn-normal btn-primary \" target=\"_self\"><\/a><\/div><\/div><\/div><!-- \/Service Box --><\/div>\n<\/div><!-- .row (end) -->","protected":false},"excerpt":{"rendered":"<p>\"Da, kona\u010dno sam stigao u Prestonicu Sveta. Sada vidim kako se ostvaruju svi snovi moje mladosti\" (Goethe) Rim \u2013 prestonica sveta, pupak sveta, ve\u010dni grad - \u00a0toliko imena za jedan jedinstven grad. Nije dovoljan ni \u010ditav \u017eivot da se Rim lepo poseti i upozna ali dovoljan je jedan pogled da se u ovaj grad zaljubite zauvek. Rim je muzej na&nbsp;<a href=\"https:\/\/www.rometours.guide\/hr\/\" class=\"read-more\">Continue Reading<\/a><\/p>\n","protected":false},"author":1,"featured_media":0,"parent":0,"menu_order":0,"comment_status":"open","ping_status":"closed","template":"page-home.php","meta":[],"_links":{"self":[{"href":"https:\/\/www.rometours.guide\/hr\/wp-json\/wp\/v2\/pages\/203"}],"collection":[{"href":"https:\/\/www.rometours.guide\/hr\/wp-json\/wp\/v2\/pages"}],"about":[{"href":"https:\/\/www.rometours.guide\/hr\/wp-json\/wp\/v2\/types\/page"}],"author":[{"embeddable":true,"href":"https:\/\/www.rometours.guide\/hr\/wp-json\/wp\/v2\/users\/1"}],"replies":[{"embeddable":true,"href":"https:\/\/www.rometours.guide\/hr\/wp-json\/wp\/v2\/comments?post=203"}],"version-history":[{"count":66,"href":"https:\/\/www.rometours.guide\/hr\/wp-json\/wp\/v2\/pages\/203\/revisions"}],"predecessor-version":[{"id":2299,"href":"https:\/\/www.rometours.guide\/hr\/wp-json\/wp\/v2\/pages\/203\/revisions\/2299"}],"wp:attachment":[{"href":"https:\/\/www.rometours.guide\/hr\/wp-json\/wp\/v2\/media?parent=203"}],"curies":[{"name":"wp","href":"https:\/\/api.w.org\/{rel}","templated":true}]}}