{"id":2090,"date":"2015-04-29T10:40:37","date_gmt":"2015-04-29T09:40:37","guid":{"rendered":"http:\/\/www.rometours.guide\/?page_id=2090"},"modified":"2016-12-01T18:12:28","modified_gmt":"2016-12-01T17:12:28","slug":"itinerari","status":"publish","type":"page","link":"https:\/\/www.rometours.guide\/hr\/itinerari\/","title":{"rendered":"TURE \u2013 OBILASCI GRADA"},"content":{"rendered":"<h2 class=\"testo_normale\">Ovde mo\u017eete videti neke moje predloge za razgledanje Rima ali mogu\u0107e je organizovati bilo kakvu turu prilago\u0111enu va\u0161im \u017eeljama i intersovanjima.<\/h2>\n<p>Svaka tura traje po tri sata, ali\u00a0 je u cilju detaljnijeg obilaska mogu\u0107e produ\u017eiti na 4 ili 5 sati ili uraditi dve ture u toku jednog dana sa pauzom za ru\u010dak. Po\u010detak kao i trajanje ture je moguce uskladiti sa va\u0161im \u017eeljama i mogu\u0107nostima.<br \/>\nAko imate malo vremena predla\u017eem vam turu \u201c<strong>Rim za jedan dan<\/strong>\u201d \u00a0koja obuhvata prepodne obilazak Koloseuma, Rimskog foruma, Kapitola, Trga Venecija, Fontane di Trevi, Panteona, Trga Navona i zatim obilazak Vatikanskih muzeja i bazilike Sv. Petra tokom popodneva.<br \/>\nAko \u017eelite izbe\u0107i hodanje, moguce je napraviti panoramsko razgledanje grada sa iznajmljenim automobilom ili autobusom.<br \/>\n<strong>Ture za decu<\/strong> \u2013 \u00a0obilasci\u00a0 koji doti\u010du najbitnije znamenitosti ali su te ture opu\u0161tenije, zanimljivije i prilago\u0111ene uzrastu dece uz kori\u0161\u0107enje rekonstrukcija na tabletu<\/p>\n<div class=\"spacer\"><\/div><!-- .spacer (end) -->\n<h2 class=\"lista_itinerari\"><span style=\"color: #b70000;\">\u00a0<a href=\"http:\/\/www.rometours.guide\/wp-content\/uploads\/2015\/04\/San-Pietro-Roma-Sacra-piccola.jpg\"><img decoding=\"async\" loading=\"lazy\" class=\"alignleft wp-image-2214\" src=\"http:\/\/www.rometours.guide\/wp-content\/uploads\/2015\/04\/San-Pietro-Roma-Sacra-piccola-300x200.jpg\" alt=\"Panoramic view of Vatican city, Rome.\" width=\"200\" height=\"134\" srcset=\"https:\/\/www.rometours.guide\/wp-content\/uploads\/2015\/04\/San-Pietro-Roma-Sacra-piccola-300x200.jpg 300w, https:\/\/www.rometours.guide\/wp-content\/uploads\/2015\/04\/San-Pietro-Roma-Sacra-piccola.jpg 500w\" sizes=\"(max-width: 200px) 100vw, 200px\" \/><\/a>RIM \u2013 SVETI GRAD<\/span><\/h2>\n<h3 class=\"itinerario\">Vatikanski muzeji i Bazilika Svetog Petra<\/h3>\n<p>Splet umetnosti i religije u okviru ove ture. Obilazi se anti\u010dka kolekcija sa Apolonom i Laokontom belvederskim, Sala muza, Okrugla sala, Sala gr\u010dkog krsta, zatim\u00a0 Galerija tapiserija, Galerija geografskih mapa, Rafaelove\u00a0 sobe i \u00a0Sikstinska kapela \u010duvena po Mikelan\u0111elovim freskama i mesto gde se bira papa. Na kraju obilazak najve\u0107e crkve na svetu \u2013 bazilike Sv. Petra sagra\u0111ene na mestu gde je Sveti Petar razapet i sahranjen.<\/p>\n<h3 class=\"itinerario\">Bazilike Rima<\/h3>\n<p>\u2022 Sv. Jovan Lateranski, katedrala Rima i majka svih crkvi;<br \/>\n\u2022 Sv Kliment, crkva u vi\u0161e nivoa sa mo\u0161tima Sv. \u0106irila;<br \/>\n\u2022 Sv. Petar u lancima sa lancima Sv. Petra, apostola i za\u0161titnika Rima i sa statuom Mojsija, Mikelan\u0111elovim delom;<br \/>\n\u2022 Santa Maria Maggiore, sagra\u0111ena na mestu gde je pao \u010dudesni sneg u avgustu, poznata po srednjevekovnim mozaicima i po kolevci u koju je po predanju bio polo\u017een Isus Hrist po ro\u0111enju.<\/p>\n<div class=\"spacer\"><\/div><!-- .spacer (end) -->\n<h2 class=\"lista_itinerari\"><span style=\"color: #b70000;\"><img decoding=\"async\" loading=\"lazy\" class=\"alignleft wp-image-2183\" src=\"http:\/\/www.rometours.guide\/wp-content\/uploads\/2015\/04\/Colosseo-piccolo-300x200.jpg\" alt=\"View of the Colosseum, Rome\" width=\"200\" height=\"134\" srcset=\"https:\/\/www.rometours.guide\/wp-content\/uploads\/2015\/04\/Colosseo-piccolo-300x200.jpg 300w, https:\/\/www.rometours.guide\/wp-content\/uploads\/2015\/04\/Colosseo-piccolo.jpg 500w\" sizes=\"(max-width: 200px) 100vw, 200px\" \/>Anti\u010dki Rim<\/span><\/h2>\n<h3 class=\"itinerario\">Koloseum, Palatinum, Rimski forum<\/h3>\n<p>Koloseum, jedno od novih sedam svetskih \u010duda, sagra\u0111en pre gotovo dve hiljade godina, neprikosnoveni simbol Rima, zatim poseta brdu Palatino gde je Romulo osnovao Rim \u00a0i gde su \u017eiveli rimski imperatori i na kraju Rimski forum, politi\u010dki, religiozni i ekonomski centar anti\u010dkog Rima.<\/p>\n<h3 class=\"itinerario\">Katakombe i anti\u010dki rimski put Apija<\/h3>\n<p>Appia Antica, napravljena pre 24 vekova, \u00a0sa\u010duvala je \u0161arm kraljice puteva; Katakombe Sv. Sebastijana i Sv. Kalista, podzemne grobnice koje svedo\u010de o po\u010decima hri\u0161\u0107anstva i zatim poseta crkve Domine Quo Vadis koja je napravljena na mestu legendarnog susreta Isusa Hrista i Svetog Petra<\/p>\n<h3 class=\"itinerario\">Nacionalni rimski muzej<\/h3>\n<p>Muzej sa \u010detiri sedi\u0161ta, u okviru jedne ture mogu\u0107e je obi\u0107i bogatu kolekciju u Dioklecijanovim termama sagra\u0111enim u III veku n.e. i najve\u0107im ikada napravljenim u Rimu i muzej Palata Massimo sa freskama iz vile Livije, \u017eene imperatora \u00a0Avgusta i takodje sa raznovrsnom arheolo\u0161kojm kolekcijom<\/p>\n<div class=\"spacer\"><\/div><!-- .spacer (end) -->\n<h2 class=\"lista_itinerari\"><span style=\"color: #b70000;\"><img decoding=\"async\" loading=\"lazy\" class=\"alignleft wp-image-2180\" src=\"http:\/\/www.rometours.guide\/wp-content\/uploads\/2015\/04\/Cavallo-fontana-di-trevi-piccolo-300x200.jpg\" alt=\"Cavallo fontana di trevi piccolo\" width=\"200\" height=\"134\" srcset=\"https:\/\/www.rometours.guide\/wp-content\/uploads\/2015\/04\/Cavallo-fontana-di-trevi-piccolo-300x200.jpg 300w, https:\/\/www.rometours.guide\/wp-content\/uploads\/2015\/04\/Cavallo-fontana-di-trevi-piccolo.jpg 500w\" sizes=\"(max-width: 200px) 100vw, 200px\" \/>RIMSKE \u0160ETNJE<\/span><\/h2>\n<h3 class=\"itinerario\">Trgovi Rima<\/h3>\n<p>\u2022 Trg Venecija, centralni trg Rima sa nacionalnim spomenikom \u201e Vittoriano\u201c koga Rimljani nazivaju raznim podsme\u0161ljivim imenima ali koji odu\u0161evljava turiste;<br \/>\n\u2022 Trg Navona koji je odrzao oblik anti\u010dkog Domicijanovog stadiona a danas ga krase tri barokne fontane;<br \/>\n\u2022 Pantheon, paganski hram iz II veka na\u0161e ere koji je u srednjem veku pretvoren u crkvu;<br \/>\n\u2022 Fontana di Trevi \u2013 najpoznatija fontana Rima u koju se baca nov\u010dic za povratak u Rim; \u0160panski trg i \u010duveno stepeni\u0161te;<br \/>\n\u2022 Trg Naroda \u2013 me\u0161avina umetni\u010dkih stilova i raznih istorijskih perioda<\/p>\n<h3 class=\"itinerario\">Geto<\/h3>\n<p>Geto ili jevrejski kvart sa Sinagogom, tipi\u010dnim uskim ulicama i mirisima kuhinje koja je me\u0161avina ko\u0161er i tipi\u010dne rimske kuhinje<\/p>\n<div class=\"spacer\"><\/div><!-- .spacer (end) -->\n<h2 class=\"lista_itinerari\"><span style=\"color: #b70000;\"><img decoding=\"async\" loading=\"lazy\" class=\"alignleft wp-image-2180\" src=\"http:\/\/www.rometours.guide\/wp-content\/uploads\/2015\/04\/Cavallo-fontana-di-trevi-piccolo-300x200.jpg\" alt=\"Cavallo fontana di trevi piccolo\" width=\"200\" height=\"134\" srcset=\"https:\/\/www.rometours.guide\/wp-content\/uploads\/2015\/04\/Cavallo-fontana-di-trevi-piccolo-300x200.jpg 300w, https:\/\/www.rometours.guide\/wp-content\/uploads\/2015\/04\/Cavallo-fontana-di-trevi-piccolo.jpg 500w\" sizes=\"(max-width: 200px) 100vw, 200px\" \/>Ture u okolini Rima<\/span><\/h2>\n<h3 class=\"itinerario\">Tivoli<\/h3>\n<p>Gradi\u0107 na 28km od Rima, poznat po svojim vilama me\u0111u kojima je naj\u010duvenija Villa d\u2019Este sa mnogobrojnim fontanama, primer apsolutne\u00a0 harmonije izme\u0111u prirode, vode i arhitekture .<\/p>\n<h3 class=\"itinerario\">Castelli Romani<\/h3>\n<p>Mesta jugoisto\u010dno od Rima sagra\u0111ena na vulkanu koji je u mirovanju a u blizini dva vulkanska jezera. Danas je zona poznata po dobroj hrani i vinu a u anti\u010dko doba \u00a0rimska aristokratija i imperatori be\u017ee od rimske vru\u0107ine i grade tu palate koje \u0107e se vekovima kasnije pretvoriti u tvr\u0111ave plemi\u0107kih porodica.<br \/>\nNajpoznatija mesta: Castel Gandolfo sa papinom letnjom rezidencijom; Nemi poznata po \u0161umskim jagodama; Frascati sa prelepim vilama i parkovima; Marino - naj\u017eivopisniji u oktobru tokom Sajma vina kada iz glavne fontane ne te\u010de voda nego vino\u2026<\/p>\n<h3 class=\"itinerario\">Mesta II partske legije u Albanu<\/h3>\n<p>Legendarna Alba Longa osnovana u XII pre n.e., majka Rima s obizirom da su Romul i Rem bili unuci Numitora, kralja Alba Longe.<br \/>\nJedan od sedam rimskih kraljeva ru\u0161i Alba Longu ali va\u017enost ovog kraja se nastavlja zahvaljuju\u0107i izgradnji anti\u010dkog puta Apija i zbog vila rimskih aristrokrata i imperatora. Imperator Septimije Sever je tu smestio II partsku legiju, sto postaje i ostaje jedina rimska legija koja nije du\u017e granica Carstva ve\u0107 gotovo na ulasku u Rim.<br \/>\nDanas je mogu\u0107e posetiti rimsku cisternu jo\u0161 uvek u upotrebi, drugi po veli\u010dini anfiteatar u regiji Lacio posle Koloseuma, srednjevekovne crkve izgr\u0111ene u okviru rimskih gra\u0111evina i \u010dak tri muzeja.","protected":false},"excerpt":{"rendered":"<p>Ovde mo\u017eete videti neke moje predloge za razgledanje Rima ali mogu\u0107e je organizovati bilo kakvu turu prilago\u0111enu va\u0161im \u017eeljama i intersovanjima. Svaka tura traje po tri sata, ali\u00a0 je u cilju detaljnijeg obilaska mogu\u0107e produ\u017eiti na 4 ili 5 sati ili uraditi dve ture u toku jednog dana sa pauzom za ru\u010dak. Po\u010detak kao i trajanje ture je moguce uskladiti&nbsp;<a href=\"https:\/\/www.rometours.guide\/hr\/itinerari\/\" class=\"read-more\">Continue Reading<\/a><\/p>\n","protected":false},"author":1,"featured_media":0,"parent":0,"menu_order":0,"comment_status":"open","ping_status":"open","template":"page-fullwidth.php","meta":[],"_links":{"self":[{"href":"https:\/\/www.rometours.guide\/hr\/wp-json\/wp\/v2\/pages\/2090"}],"collection":[{"href":"https:\/\/www.rometours.guide\/hr\/wp-json\/wp\/v2\/pages"}],"about":[{"href":"https:\/\/www.rometours.guide\/hr\/wp-json\/wp\/v2\/types\/page"}],"author":[{"embeddable":true,"href":"https:\/\/www.rometours.guide\/hr\/wp-json\/wp\/v2\/users\/1"}],"replies":[{"embeddable":true,"href":"https:\/\/www.rometours.guide\/hr\/wp-json\/wp\/v2\/comments?post=2090"}],"version-history":[{"count":29,"href":"https:\/\/www.rometours.guide\/hr\/wp-json\/wp\/v2\/pages\/2090\/revisions"}],"predecessor-version":[{"id":2294,"href":"https:\/\/www.rometours.guide\/hr\/wp-json\/wp\/v2\/pages\/2090\/revisions\/2294"}],"wp:attachment":[{"href":"https:\/\/www.rometours.guide\/hr\/wp-json\/wp\/v2\/media?parent=2090"}],"curies":[{"name":"wp","href":"https:\/\/api.w.org\/{rel}","templated":true}]}}