{"id":2144,"date":"2015-04-30T08:25:18","date_gmt":"2015-04-30T07:25:18","guid":{"rendered":"http:\/\/www.rometours.guide\/?page_id=2144"},"modified":"2016-12-01T16:09:12","modified_gmt":"2016-12-01T15:09:12","slug":"chi-sono","status":"publish","type":"page","link":"https:\/\/www.rometours.guide\/hr\/chi-sono\/","title":{"rendered":"O MENI"},"content":{"rendered":"<h4>Zovem se Andjelka Raji\u0107<\/h4>\n<p>Diplomirala sam italijanski jezik i knji\u017eevnost, zavr\u0161ila sam master Tecam (Nove tehnologije za upoznavanje i valorizaciju kulturne ba\u0161tine srednje Italije i Mediterana).<\/p>\n<p>Licencirani sam turisti\u010dki vodi\u010d Rima i okruga Rima, turisti\u010dki prevodilac i radim sa decom \u0161kolskog uzrasta u okviru muzejske didaktike za muzeje i arheolo\u0161ke komlekse grada Albano Laziale u okolini Rima<\/p>\n<p>Licencirani sam turisti\u010dki vodi\u010d i pratilac Republike Srbije.<\/p>\n<p>Posle fakulteta nekoliko godina radim kao profesor italijanskog jezika i prevodilac a zatim se posve\u0107ujem turizmu, pre svega kao turisti\u010dki vodi\u010d agencije Kontiki.<\/p>\n<p>Po dobijanju licence za turisti\u010dkog vodi\u010da Rima radim samostalno, sara\u0111ujem sa mnogim agencijama i klijentima iz svih dr\u017eava sa prostora biv\u0161e Jugoslavije, evropskim i ameri\u010dkim touroperaterima.<\/p>\n<p>Usavrsavanje kroz kurseve, ispite i ucenje se nastavlja, sa posebnim interesovanjem za proslost Rima jer uz poznavanje proslosti mo\u017eemo lak\u0161e i pametnije osmisliti budu\u0107nost.","protected":false},"excerpt":{"rendered":"<p>Zovem se Andjelka Raji\u0107 Diplomirala sam italijanski jezik i knji\u017eevnost, zavr\u0161ila sam master Tecam (Nove tehnologije za upoznavanje i valorizaciju kulturne ba\u0161tine srednje Italije i Mediterana). Licencirani sam turisti\u010dki vodi\u010d Rima i okruga Rima, turisti\u010dki prevodilac i radim sa decom \u0161kolskog uzrasta u okviru muzejske didaktike za muzeje i arheolo\u0161ke komlekse grada Albano Laziale u okolini Rima Licencirani sam turisti\u010dki&nbsp;<a href=\"https:\/\/www.rometours.guide\/hr\/chi-sono\/\" class=\"read-more\">Continue Reading<\/a><\/p>\n","protected":false},"author":1,"featured_media":0,"parent":0,"menu_order":0,"comment_status":"open","ping_status":"open","template":"page-fullwidth.php","meta":[],"_links":{"self":[{"href":"https:\/\/www.rometours.guide\/hr\/wp-json\/wp\/v2\/pages\/2144"}],"collection":[{"href":"https:\/\/www.rometours.guide\/hr\/wp-json\/wp\/v2\/pages"}],"about":[{"href":"https:\/\/www.rometours.guide\/hr\/wp-json\/wp\/v2\/types\/page"}],"author":[{"embeddable":true,"href":"https:\/\/www.rometours.guide\/hr\/wp-json\/wp\/v2\/users\/1"}],"replies":[{"embeddable":true,"href":"https:\/\/www.rometours.guide\/hr\/wp-json\/wp\/v2\/comments?post=2144"}],"version-history":[{"count":7,"href":"https:\/\/www.rometours.guide\/hr\/wp-json\/wp\/v2\/pages\/2144\/revisions"}],"predecessor-version":[{"id":2290,"href":"https:\/\/www.rometours.guide\/hr\/wp-json\/wp\/v2\/pages\/2144\/revisions\/2290"}],"wp:attachment":[{"href":"https:\/\/www.rometours.guide\/hr\/wp-json\/wp\/v2\/media?parent=2144"}],"curies":[{"name":"wp","href":"https:\/\/api.w.org\/{rel}","templated":true}]}}